{"id":1389,"date":"2021-10-15T15:18:58","date_gmt":"2021-10-15T13:18:58","guid":{"rendered":"https:\/\/spmtechnologies.be\/cookie-policy\/"},"modified":"2024-12-11T10:56:23","modified_gmt":"2024-12-11T08:56:23","slug":"cookie-policy","status":"publish","type":"page","link":"https:\/\/www.spmtechnologies.be\/fr\/cookie-policy\/","title":{"rendered":"Cookie policy"},"content":{"rendered":"<p><em>Derni\u00e8re mise \u00e0 jour le 15\/10\/2021.<\/em><\/p>\n<h3>1.\u00a0\u00a0\u00a0\u00a0 Bienvenue sur le site<\/h3>\n<p>Nous sommes SPM Technologies, une SA, situ\u00e9e \u00e0 Kallobaan 148<b>, <\/b>9120 Beveren, avec le num\u00e9ro d&rsquo;entreprise BE0645987435.<\/p>\n<p>Dans cette politique en mati\u00e8re de cookies, nous expliquons quelles informations nous collectons par le biais de notre site web sur la base de cookies et comment nous les utilisons pour am\u00e9liorer nos services.<\/p>\n<p>En utilisant notre site web, vous acceptez notre utilisation des cookies.<\/p>\n<h3>2.\u00a0\u00a0\u00a0\u00a0 Cookies<\/h3>\n<p>Un \u2018<em>cookie<\/em>\u2019 est un petit fichier de donn\u00e9es qui est temporairement plac\u00e9 sur votre ordinateur ou votre appareil mobile par une page internet lorsque vous visitez un site web. Un cookie nous permet d&rsquo;identifier l&rsquo;appareil que vous utilisez pour visiter notre site web sans nous donner acc\u00e8s \u00e0 vos donn\u00e9es personnelles.<\/p>\n<p>Les cookies peuvent \u00eatre facilement supprim\u00e9s via les param\u00e8tres de votre navigateur. Vous pouvez \u00e9galement configurer votre navigateur de mani\u00e8re \u00e0 ce que les cookies soient toujours refus\u00e9s. Toutefois, cela peut \u00e9ventuellement entraver l&rsquo;utilisation de notre site web ou rendre l&rsquo;acc\u00e8s \u00e0 certaines fonctionnalit\u00e9s impossible.<\/p>\n<h3>Types de cookies<\/h3>\n<h4>2.1.\u00a0 Strictement n\u00e9cessaire<\/h4>\n<p>Ces cookies tecniques peuvent servir \u00e0 assurer le bon fonctionnement de notre site web.  Ils pr\u00e9sentent l&rsquo;avantage de ne pas n\u00e9cessiter la saisie ou le chargement des m\u00eames informations ou param\u00e8tres \u00e0 chaque fois que vous visitez notre site web :<\/p>\n<ul>\n<li><strong>PHPSESSID:<\/strong> Ce cookie expire apr\u00e8s la session.<u>(<\/u><a href=\"https:\/\/europrivacy.info\/cookie-policy\/\">https:\/\/europrivacy.info\/cookie-policy\/<\/a><u>)<\/u><\/li>\n<li><strong>CLOUDFLARE:<\/strong> Ce cookie expire apr\u00e8s 1 an. (https:\/\/www.cloudflare.com\/cookie-policy\/)<\/li>\n<li><strong>apbct_cookies_test<\/strong>: Ce cookie expire apr\u00e8s la session. (<a href=\"https:\/\/cleantalk.org\/publicoffer#privacy\">https:\/\/cleantalk.org\/publicoffer#privacy<\/a>)<\/li>\n<li><strong>apbct_page_hits<\/strong>: Ce cookie expire apr\u00e8s la session. (<a href=\"https:\/\/cleantalk.org\/publicoffer#privacy\">https:\/\/cleantalk.org\/publicoffer#privacy<\/a>)<\/li>\n<li><strong>apbct_site_landing_ts<\/strong>: Ce cookie expire apr\u00e8s la session. (<a href=\"https:\/\/cleantalk.org\/publicoffer#privacy\">https:\/\/cleantalk.org\/publicoffer#privacy<\/a>)<\/li>\n<li><strong>apbct_site_referer<\/strong>: Ce cookie expire apr\u00e8s 2 jours. (<a href=\"https:\/\/cleantalk.org\/publicoffer#privacy\">https:\/\/cleantalk.org\/publicoffer#privacy<\/a>)<\/li>\n<li><strong>apbct_urls<\/strong>: Ce cookie expire apr\u00e8s 2 jours. (<a href=\"https:\/\/cleantalk.org\/publicoffer#privacy\">https:\/\/cleantalk.org\/publicoffer#privacy<\/a>)<\/li>\n<li><strong>apbct_visible_fields<\/strong>: Ce cookie expire apr\u00e8s la session. (<a href=\"https:\/\/cleantalk.org\/publicoffer#privacy\">https:\/\/cleantalk.org\/publicoffer#privacy<\/a>)<\/li>\n<li><strong>ct_checked_emails<\/strong>: Ce cookie expire apr\u00e8s la session. (<a href=\"https:\/\/cleantalk.org\/publicoffer#privacy\">https:\/\/cleantalk.org\/publicoffer#privacy<\/a>)<\/li>\n<li><strong>ct_ckeckjs<\/strong>: Ce cookie expire apr\u00e8s la session. (<a href=\"https:\/\/cleantalk.org\/publicoffer#privacy\">https:\/\/cleantalk.org\/publicoffer#privacy<\/a>)<\/li>\n<li><strong>ct_fkp_timestamp<\/strong>: Ce cookie expire apr\u00e8s la session. (<a href=\"https:\/\/cleantalk.org\/publicoffer#privacy\">https:\/\/cleantalk.org\/publicoffer#privacy<\/a>)<\/li>\n<li><strong>ct_has_scrolled<\/strong>: Ce cookie expire apr\u00e8s la session. (<a href=\"https:\/\/cleantalk.org\/publicoffer#privacy\">https:\/\/cleantalk.org\/publicoffer#privacy<\/a>)<\/li>\n<li><b>ct_pointer_data<\/b>: Ce cookie expire apr\u00e8s la session. (<a href=\"https:\/\/cleantalk.org\/publicoffer#privacy\">https:\/\/cleantalk.org\/publicoffer#privacy<\/a>)<\/li>\n<li><strong>ct_ps_timestamp<\/strong>: Ce cookie expire apr\u00e8s la session. (<a href=\"https:\/\/cleantalk.org\/publicoffer#privacy\">https:\/\/cleantalk.org\/publicoffer#privacy<\/a>)<\/li>\n<li><strong>ct_screen_info<\/strong>: Ce cookie expire apr\u00e8s la session. (<a href=\"https:\/\/cleantalk.org\/publicoffer#privacy\">https:\/\/cleantalk.org\/publicoffer#privacy<\/a>)<\/li>\n<li><strong>ct_sfw_pass_key<\/strong>: Ce cookie expire apr\u00e8s 29 jours. (<a href=\"https:\/\/cleantalk.org\/publicoffer#privacy\">https:\/\/cleantalk.org\/publicoffer#privacy<\/a>)<\/li>\n<li><strong>ct_timezone<\/strong>: Ce cookie expire apr\u00e8s la session. (<a href=\"https:\/\/cleantalk.org\/publicoffer#privacy\">https:\/\/cleantalk.org\/publicoffer#privacy<\/a>)<\/li>\n<li><strong>elementor<\/strong>: Ce cookie est persistant. (https:\/\/elementor.com\/about\/privacy\/)<\/li>\n<li><strong>JSESSION<\/strong>: Ce cookie expire apr\u00e8s la session. (https:\/\/spmtechnologies.be\/cookie-policy\/)<\/li>\n<\/ul>\n<h4>2.2.\u00a0 Statistisch<\/h4>\n<p>Ces cookies nous permettent d&rsquo;effectuer une analyse g\u00e9n\u00e9rale de l&rsquo;utilisation de notre site web. Ainsi, gr\u00e2ce \u00e0 des statistiques anonymes, nous obtenons un aper\u00e7u de la mani\u00e8re dont nos pages internet sont visit\u00e9es, \u00e0 quelle fr\u00e9quence et pendant combien de temps. Cela nous permet d&rsquo;am\u00e9liorer et d&rsquo;optimiser notre site web sur la base de ces informations :<\/p>\n<ul>\n<li><strong>Google<\/strong> <strong>Analytics (_ga):<\/strong> Ce cookie expire apr\u00e8s 2 ans. (<a href=\"https:\/\/policies.google.com\/privacy\">https:\/\/policies.google.com\/privacy<\/a>)<\/li>\n<li><strong>Google Analytics (_gat)<\/strong><strong>:<\/strong> Deze cookie vervalt na 1 dag. (<a href=\"https:\/\/policies.google.com\/privacy\">https:\/\/policies.google.com\/privacy<\/a>)<\/li>\n<li><strong>Google Analytics (_gid)<\/strong><strong>:<\/strong> Ce cookie expire apr\u00e8s 1 jour. (<a href=\"https:\/\/policies.google.com\/privacy\">https:\/\/policies.google.com\/privacy<\/a>)<\/li>\n<li><strong>apbct_timestamp<\/strong>: Ce cookie expire apr\u00e8s la session. (<a href=\"https:\/\/cleantalk.org\/publicoffer#privacy\">https:\/\/cleantalk.org\/publicoffer#privacy<\/a>)<\/li>\n<\/ul>\n<h4>2.3.\u00a0 Marketing<\/h4>\n<p>Ces cookies nous permettent d&rsquo;afficher des publicit\u00e9s cibl\u00e9es aux parties int\u00e9ress\u00e9es \u00e0 des fins de marketing :<\/p>\n<ul>\n<li><strong>Google Tag Manager<\/strong>: Ce cookie expire apr\u00e8s la session. (<a href=\"https:\/\/policies.google.com\/privacy\">https:\/\/policies.google.com\/privacy<\/a>)<\/li>\n<li><strong>Google:<\/strong> Ce cookie expire apr\u00e8s 6 mois. (<a href=\"https:\/\/policies.google.com\/privacy\">https:\/\/policies.google.com\/privacy<\/a>)<\/li>\n<li><strong>Doubleclick<\/strong>. Ce cookie expire apr\u00e8s la session. (<a href=\"https:\/\/policies.google.com\/privacy\">https:\/\/policies.google.com\/privacy<\/a>)<\/li>\n<li><strong>Facebook (_fbp):<\/strong> Ce cookie expire apr\u00e8s 1 jour. (<a href=\"https:\/\/www.facebook.com\/policy.php\">https:\/\/www.facebook.com\/policy.php<\/a>)<\/li>\n<li><strong>Facebook (fr):<\/strong> Ce cookie expire apr\u00e8s 3 mois. (<a href=\"https:\/\/www.facebook.com\/policy.php\">https:\/\/www.facebook.com\/policy.php<\/a>)<\/li>\n<li><strong>Facebook (tr):<\/strong> Ce cookie expire apr\u00e8s la session. (<a href=\"https:\/\/www.facebook.com\/policy.php\">https:\/\/www.facebook.com\/policy.php<\/a>)<\/li>\n<\/ul>\n","protected":false},"excerpt":{"rendered":"<p>Derni\u00e8re mise \u00e0 jour le 15\/10\/2021. 1.\u00a0\u00a0\u00a0\u00a0 Bienvenue sur le site Nous sommes SPM Technologies, une SA, situ\u00e9e \u00e0 Kallobaan 148, 9120 Beveren, avec le num\u00e9ro d&rsquo;entreprise BE0645987435. Dans cette politique en mati\u00e8re de cookies, nous expliquons quelles informations nous collectons par le biais de notre site web sur la base de cookies et comment [&hellip;]<\/p>\n","protected":false},"author":1,"featured_media":0,"parent":0,"menu_order":0,"comment_status":"closed","ping_status":"closed","template":"elementor_header_footer","meta":{"_acf_changed":false,"inline_featured_image":false,"_exactmetrics_skip_tracking":false,"_exactmetrics_sitenote_active":false,"_exactmetrics_sitenote_note":"","_exactmetrics_sitenote_category":0,"footnotes":""},"class_list":["post-1389","page","type-page","status-publish","hentry"],"acf":[],"yoast_head":"<!-- This site is optimized with the Yoast SEO plugin v27.0 - https:\/\/yoast.com\/product\/yoast-seo-wordpress\/ -->\n<title>Cookie policy - SPM Technologies<\/title>\n<meta name=\"robots\" content=\"index, follow, max-snippet:-1, max-image-preview:large, max-video-preview:-1\" \/>\n<link rel=\"canonical\" href=\"https:\/\/www.spmtechnologies.be\/fr\/cookie-policy\/\" \/>\n<meta property=\"og:locale\" content=\"fr_FR\" \/>\n<meta property=\"og:type\" content=\"article\" \/>\n<meta property=\"og:title\" content=\"Cookie policy - SPM Technologies\" \/>\n<meta property=\"og:description\" content=\"Derni\u00e8re mise \u00e0 jour le 15\/10\/2021. 1.\u00a0\u00a0\u00a0\u00a0 Bienvenue sur le site Nous sommes SPM Technologies, une SA, situ\u00e9e \u00e0 Kallobaan 148, 9120 Beveren, avec le num\u00e9ro d&rsquo;entreprise BE0645987435. Dans cette politique en mati\u00e8re de cookies, nous expliquons quelles informations nous collectons par le biais de notre site web sur la base de cookies et comment [&hellip;]\" \/>\n<meta property=\"og:url\" content=\"https:\/\/www.spmtechnologies.be\/fr\/cookie-policy\/\" \/>\n<meta property=\"og:site_name\" content=\"SPM Technologies\" \/>\n<meta property=\"article:modified_time\" content=\"2024-12-11T08:56:23+00:00\" \/>\n<meta name=\"twitter:card\" content=\"summary_large_image\" \/>\n<meta name=\"twitter:label1\" content=\"Dur\u00e9e de lecture estim\u00e9e\" \/>\n\t<meta name=\"twitter:data1\" content=\"3 minutes\" \/>\n<script type=\"application\/ld+json\" class=\"yoast-schema-graph\">{\"@context\":\"https:\/\/schema.org\",\"@graph\":[{\"@type\":\"WebPage\",\"@id\":\"https:\/\/www.spmtechnologies.be\/fr\/cookie-policy\/\",\"url\":\"https:\/\/www.spmtechnologies.be\/fr\/cookie-policy\/\",\"name\":\"Cookie policy - SPM Technologies\",\"isPartOf\":{\"@id\":\"https:\/\/www.spmtechnologies.be\/fr\/#website\"},\"datePublished\":\"2021-10-15T13:18:58+00:00\",\"dateModified\":\"2024-12-11T08:56:23+00:00\",\"breadcrumb\":{\"@id\":\"https:\/\/www.spmtechnologies.be\/fr\/cookie-policy\/#breadcrumb\"},\"inLanguage\":\"fr-FR\",\"potentialAction\":[{\"@type\":\"ReadAction\",\"target\":[\"https:\/\/www.spmtechnologies.be\/fr\/cookie-policy\/\"]}]},{\"@type\":\"BreadcrumbList\",\"@id\":\"https:\/\/www.spmtechnologies.be\/fr\/cookie-policy\/#breadcrumb\",\"itemListElement\":[{\"@type\":\"ListItem\",\"position\":1,\"name\":\"Home\",\"item\":\"https:\/\/www.spmtechnologies.be\/fr\/\"},{\"@type\":\"ListItem\",\"position\":2,\"name\":\"Cookie policy\"}]},{\"@type\":\"WebSite\",\"@id\":\"https:\/\/www.spmtechnologies.be\/fr\/#website\",\"url\":\"https:\/\/www.spmtechnologies.be\/fr\/\",\"name\":\"SPM Technologies\",\"description\":\"\",\"potentialAction\":[{\"@type\":\"SearchAction\",\"target\":{\"@type\":\"EntryPoint\",\"urlTemplate\":\"https:\/\/www.spmtechnologies.be\/fr\/?s={search_term_string}\"},\"query-input\":{\"@type\":\"PropertyValueSpecification\",\"valueRequired\":true,\"valueName\":\"search_term_string\"}}],\"inLanguage\":\"fr-FR\"}]}<\/script>\n<!-- \/ Yoast SEO plugin. -->","yoast_head_json":{"title":"Cookie policy - SPM Technologies","robots":{"index":"index","follow":"follow","max-snippet":"max-snippet:-1","max-image-preview":"max-image-preview:large","max-video-preview":"max-video-preview:-1"},"canonical":"https:\/\/www.spmtechnologies.be\/fr\/cookie-policy\/","og_locale":"fr_FR","og_type":"article","og_title":"Cookie policy - SPM Technologies","og_description":"Derni\u00e8re mise \u00e0 jour le 15\/10\/2021. 1.\u00a0\u00a0\u00a0\u00a0 Bienvenue sur le site Nous sommes SPM Technologies, une SA, situ\u00e9e \u00e0 Kallobaan 148, 9120 Beveren, avec le num\u00e9ro d&rsquo;entreprise BE0645987435. Dans cette politique en mati\u00e8re de cookies, nous expliquons quelles informations nous collectons par le biais de notre site web sur la base de cookies et comment [&hellip;]","og_url":"https:\/\/www.spmtechnologies.be\/fr\/cookie-policy\/","og_site_name":"SPM Technologies","article_modified_time":"2024-12-11T08:56:23+00:00","twitter_card":"summary_large_image","twitter_misc":{"Dur\u00e9e de lecture estim\u00e9e":"3 minutes"},"schema":{"@context":"https:\/\/schema.org","@graph":[{"@type":"WebPage","@id":"https:\/\/www.spmtechnologies.be\/fr\/cookie-policy\/","url":"https:\/\/www.spmtechnologies.be\/fr\/cookie-policy\/","name":"Cookie policy - SPM Technologies","isPartOf":{"@id":"https:\/\/www.spmtechnologies.be\/fr\/#website"},"datePublished":"2021-10-15T13:18:58+00:00","dateModified":"2024-12-11T08:56:23+00:00","breadcrumb":{"@id":"https:\/\/www.spmtechnologies.be\/fr\/cookie-policy\/#breadcrumb"},"inLanguage":"fr-FR","potentialAction":[{"@type":"ReadAction","target":["https:\/\/www.spmtechnologies.be\/fr\/cookie-policy\/"]}]},{"@type":"BreadcrumbList","@id":"https:\/\/www.spmtechnologies.be\/fr\/cookie-policy\/#breadcrumb","itemListElement":[{"@type":"ListItem","position":1,"name":"Home","item":"https:\/\/www.spmtechnologies.be\/fr\/"},{"@type":"ListItem","position":2,"name":"Cookie policy"}]},{"@type":"WebSite","@id":"https:\/\/www.spmtechnologies.be\/fr\/#website","url":"https:\/\/www.spmtechnologies.be\/fr\/","name":"SPM Technologies","description":"","potentialAction":[{"@type":"SearchAction","target":{"@type":"EntryPoint","urlTemplate":"https:\/\/www.spmtechnologies.be\/fr\/?s={search_term_string}"},"query-input":{"@type":"PropertyValueSpecification","valueRequired":true,"valueName":"search_term_string"}}],"inLanguage":"fr-FR"}]}},"_links":{"self":[{"href":"https:\/\/www.spmtechnologies.be\/fr\/wp-json\/wp\/v2\/pages\/1389","targetHints":{"allow":["GET"]}}],"collection":[{"href":"https:\/\/www.spmtechnologies.be\/fr\/wp-json\/wp\/v2\/pages"}],"about":[{"href":"https:\/\/www.spmtechnologies.be\/fr\/wp-json\/wp\/v2\/types\/page"}],"author":[{"embeddable":true,"href":"https:\/\/www.spmtechnologies.be\/fr\/wp-json\/wp\/v2\/users\/1"}],"replies":[{"embeddable":true,"href":"https:\/\/www.spmtechnologies.be\/fr\/wp-json\/wp\/v2\/comments?post=1389"}],"version-history":[{"count":1,"href":"https:\/\/www.spmtechnologies.be\/fr\/wp-json\/wp\/v2\/pages\/1389\/revisions"}],"predecessor-version":[{"id":1542,"href":"https:\/\/www.spmtechnologies.be\/fr\/wp-json\/wp\/v2\/pages\/1389\/revisions\/1542"}],"wp:attachment":[{"href":"https:\/\/www.spmtechnologies.be\/fr\/wp-json\/wp\/v2\/media?parent=1389"}],"curies":[{"name":"wp","href":"https:\/\/api.w.org\/{rel}","templated":true}]}}