{"id":1388,"date":"2021-10-15T15:23:26","date_gmt":"2021-10-15T13:23:26","guid":{"rendered":"https:\/\/spmtechnologies.be\/privacy-policy\/"},"modified":"2024-12-11T10:56:12","modified_gmt":"2024-12-11T08:56:12","slug":"privacy-policy","status":"publish","type":"page","link":"https:\/\/www.spmtechnologies.be\/fr\/privacy-policy\/","title":{"rendered":"Privacy policy"},"content":{"rendered":"\t\t<div data-elementor-type=\"wp-page\" data-elementor-id=\"1388\" class=\"elementor elementor-1388 elementor-1183\" data-elementor-post-type=\"page\">\n\t\t\t\t\t\t<section class=\"elementor-section elementor-top-section elementor-element elementor-element-44d472e9 elementor-section-boxed elementor-section-height-default elementor-section-height-default\" data-id=\"44d472e9\" data-element_type=\"section\" data-settings=\"{&quot;jet_parallax_layout_list&quot;:[{&quot;jet_parallax_layout_image&quot;:{&quot;url&quot;:&quot;&quot;,&quot;id&quot;:&quot;&quot;,&quot;size&quot;:&quot;&quot;},&quot;_id&quot;:&quot;00edb25&quot;,&quot;jet_parallax_layout_speed&quot;:{&quot;unit&quot;:&quot;%&quot;,&quot;size&quot;:&quot;50&quot;,&quot;sizes&quot;:[]},&quot;jet_parallax_layout_bg_x&quot;:&quot;50&quot;,&quot;jet_parallax_layout_bg_y&quot;:&quot;50&quot;,&quot;jet_parallax_layout_image_tablet&quot;:{&quot;url&quot;:&quot;&quot;,&quot;id&quot;:&quot;&quot;,&quot;size&quot;:&quot;&quot;},&quot;jet_parallax_layout_image_mobile&quot;:{&quot;url&quot;:&quot;&quot;,&quot;id&quot;:&quot;&quot;,&quot;size&quot;:&quot;&quot;},&quot;jet_parallax_layout_type&quot;:&quot;scroll&quot;,&quot;jet_parallax_layout_direction&quot;:null,&quot;jet_parallax_layout_fx_direction&quot;:null,&quot;jet_parallax_layout_z_index&quot;:&quot;&quot;,&quot;jet_parallax_layout_bg_x_tablet&quot;:&quot;&quot;,&quot;jet_parallax_layout_bg_x_mobile&quot;:&quot;&quot;,&quot;jet_parallax_layout_bg_y_tablet&quot;:&quot;&quot;,&quot;jet_parallax_layout_bg_y_mobile&quot;:&quot;&quot;,&quot;jet_parallax_layout_bg_size&quot;:&quot;auto&quot;,&quot;jet_parallax_layout_bg_size_tablet&quot;:&quot;&quot;,&quot;jet_parallax_layout_bg_size_mobile&quot;:&quot;&quot;,&quot;jet_parallax_layout_animation_prop&quot;:&quot;transform&quot;,&quot;jet_parallax_layout_on&quot;:[&quot;desktop&quot;,&quot;tablet&quot;]}],&quot;background_background&quot;:&quot;classic&quot;}\">\n\t\t\t\t\t\t\t<div class=\"elementor-background-overlay\"><\/div>\n\t\t\t\t\t\t\t<div class=\"elementor-container elementor-column-gap-default\">\n\t\t\t\t\t<div class=\"elementor-column elementor-col-100 elementor-top-column elementor-element elementor-element-66b35378\" data-id=\"66b35378\" data-element_type=\"column\">\n\t\t\t<div class=\"elementor-widget-wrap elementor-element-populated\">\n\t\t\t\t\t\t\t<\/div>\n\t\t<\/div>\n\t\t\t\t\t<\/div>\n\t\t<\/section>\n\t\t\t\t<section class=\"elementor-section elementor-top-section elementor-element elementor-element-53cf3b7 elementor-section-boxed elementor-section-height-default elementor-section-height-default\" data-id=\"53cf3b7\" data-element_type=\"section\" data-settings=\"{&quot;jet_parallax_layout_list&quot;:[{&quot;jet_parallax_layout_image&quot;:{&quot;url&quot;:&quot;&quot;,&quot;id&quot;:&quot;&quot;,&quot;size&quot;:&quot;&quot;},&quot;_id&quot;:&quot;44ee8aa&quot;,&quot;jet_parallax_layout_image_tablet&quot;:{&quot;url&quot;:&quot;&quot;,&quot;id&quot;:&quot;&quot;,&quot;size&quot;:&quot;&quot;},&quot;jet_parallax_layout_image_mobile&quot;:{&quot;url&quot;:&quot;&quot;,&quot;id&quot;:&quot;&quot;,&quot;size&quot;:&quot;&quot;},&quot;jet_parallax_layout_speed&quot;:{&quot;unit&quot;:&quot;%&quot;,&quot;size&quot;:50,&quot;sizes&quot;:[]},&quot;jet_parallax_layout_type&quot;:&quot;scroll&quot;,&quot;jet_parallax_layout_direction&quot;:null,&quot;jet_parallax_layout_fx_direction&quot;:null,&quot;jet_parallax_layout_z_index&quot;:&quot;&quot;,&quot;jet_parallax_layout_bg_x&quot;:50,&quot;jet_parallax_layout_bg_x_tablet&quot;:&quot;&quot;,&quot;jet_parallax_layout_bg_x_mobile&quot;:&quot;&quot;,&quot;jet_parallax_layout_bg_y&quot;:50,&quot;jet_parallax_layout_bg_y_tablet&quot;:&quot;&quot;,&quot;jet_parallax_layout_bg_y_mobile&quot;:&quot;&quot;,&quot;jet_parallax_layout_bg_size&quot;:&quot;auto&quot;,&quot;jet_parallax_layout_bg_size_tablet&quot;:&quot;&quot;,&quot;jet_parallax_layout_bg_size_mobile&quot;:&quot;&quot;,&quot;jet_parallax_layout_animation_prop&quot;:&quot;transform&quot;,&quot;jet_parallax_layout_on&quot;:[&quot;desktop&quot;,&quot;tablet&quot;]}]}\">\n\t\t\t\t\t\t<div class=\"elementor-container elementor-column-gap-default\">\n\t\t\t\t\t<div class=\"elementor-column elementor-col-100 elementor-top-column elementor-element elementor-element-d61f2f8\" data-id=\"d61f2f8\" data-element_type=\"column\">\n\t\t\t<div class=\"elementor-widget-wrap elementor-element-populated\">\n\t\t\t\t\t\t<div class=\"elementor-element elementor-element-a4fb890 elementor-widget elementor-widget-spacer\" data-id=\"a4fb890\" data-element_type=\"widget\" data-widget_type=\"spacer.default\">\n\t\t\t\t<div class=\"elementor-widget-container\">\n\t\t\t<style>\/*! elementor - v3.20.0 - 13-03-2024 *\/\n.elementor-column .elementor-spacer-inner{height:var(--spacer-size)}.e-con{--container-widget-width:100%}.e-con-inner>.elementor-widget-spacer,.e-con>.elementor-widget-spacer{width:var(--container-widget-width,var(--spacer-size));--align-self:var(--container-widget-align-self,initial);--flex-shrink:0}.e-con-inner>.elementor-widget-spacer>.elementor-widget-container,.e-con>.elementor-widget-spacer>.elementor-widget-container{height:100%;width:100%}.e-con-inner>.elementor-widget-spacer>.elementor-widget-container>.elementor-spacer,.e-con>.elementor-widget-spacer>.elementor-widget-container>.elementor-spacer{height:100%}.e-con-inner>.elementor-widget-spacer>.elementor-widget-container>.elementor-spacer>.elementor-spacer-inner,.e-con>.elementor-widget-spacer>.elementor-widget-container>.elementor-spacer>.elementor-spacer-inner{height:var(--container-widget-height,var(--spacer-size))}.e-con-inner>.elementor-widget-spacer.elementor-widget-empty,.e-con>.elementor-widget-spacer.elementor-widget-empty{position:relative;min-height:22px;min-width:22px}.e-con-inner>.elementor-widget-spacer.elementor-widget-empty .elementor-widget-empty-icon,.e-con>.elementor-widget-spacer.elementor-widget-empty .elementor-widget-empty-icon{position:absolute;top:0;bottom:0;left:0;right:0;margin:auto;padding:0;width:22px;height:22px}<\/style>\t\t<div class=\"elementor-spacer\">\n\t\t\t<div class=\"elementor-spacer-inner\"><\/div>\n\t\t<\/div>\n\t\t\t\t<\/div>\n\t\t\t\t<\/div>\n\t\t\t\t<div class=\"elementor-element elementor-element-498c9db elementor-widget elementor-widget-text-editor\" data-id=\"498c9db\" data-element_type=\"widget\" data-widget_type=\"text-editor.default\">\n\t\t\t\t<div class=\"elementor-widget-container\">\n\t\t\t<style>\/*! elementor - v3.20.0 - 13-03-2024 *\/\n.elementor-widget-text-editor.elementor-drop-cap-view-stacked .elementor-drop-cap{background-color:#69727d;color:#fff}.elementor-widget-text-editor.elementor-drop-cap-view-framed .elementor-drop-cap{color:#69727d;border:3px solid;background-color:transparent}.elementor-widget-text-editor:not(.elementor-drop-cap-view-default) .elementor-drop-cap{margin-top:8px}.elementor-widget-text-editor:not(.elementor-drop-cap-view-default) .elementor-drop-cap-letter{width:1em;height:1em}.elementor-widget-text-editor .elementor-drop-cap{float:left;text-align:center;line-height:1;font-size:50px}.elementor-widget-text-editor .elementor-drop-cap-letter{display:inline-block}<\/style>\t\t\t\t<p><em>Derni\u00e8re mise \u00e0 jour le 15\/10\/2021.<\/em><\/p>\n<h4>1.\u00a0\u00a0\u00a0\u00a0 Bienvenue sur le site<\/h4>\n<p>Nous sommes SPM Technologies, une SA, situ\u00e9e \u00e0 <span class=\"title2_value\">Kallobaan 148<b>, <\/b><\/span><span class=\"title2_value\">9120 Beveren<\/span>, avec le num\u00e9ro d&rsquo;entreprise BE0645987435.<\/p>\n<p>Dans cette politique de confidentialit\u00e9, nous expliquons quelles informations personnelles nous collectons en tant que \u2018<em>responsable du traitement des donn\u00e9es \u2019<\/em> et comment nous les utilisons et les partageons afin d&rsquo;am\u00e9liorer nos services.<\/p>\n<h4>2.\u00a0\u00a0\u00a0\u00a0 Donn\u00e9es personnelles<\/h4>\n<p>Les donn\u00e9es personnelles limit\u00e9es que nous d\u00e9tenons sont collect\u00e9es de la mani\u00e8re suivante :<\/p>\n<ul>\n<li><u>Website<\/u>: lorsque vous visitez notre site web, certaines donn\u00e9es sont enregistr\u00e9es via des cookies (y compris votre adresse IP) afin de surveiller et d&rsquo;am\u00e9liorer notre site web. Vous trouverez de plus amples informations sur ces cookies dans notre <u>Politique en mati\u00e8re de Cookies<\/u>;<\/li>\n<\/ul>\n<ul>\n<li><u>Relations commerciales<\/u>: lorsque vous nous contactez dans le cadre de nos services en tant que client ou partenaire (potentiel), nous traitons votre nom complet, vos coordonn\u00e9es (adresse \u00e9lectronique, num\u00e9ro de t\u00e9l\u00e9phone, adresse professionnelle et\/ou r\u00e9sidentielle) et d&rsquo;autres donn\u00e9es n\u00e9cessaires \u00e0 la commande, \u00e0 la facturation ou \u00e0 la coop\u00e9ration (telles que vos coordonn\u00e9es bancaires, l&rsquo;historique de vos contacts ou les donn\u00e9es relatives \u00e0 vos commandes ant\u00e9rieures);<\/li>\n<\/ul>\n<ul>\n<li><u>Marketing<\/u>: si vous nous en donnez l&rsquo;autorisation explicite, nous traiterons votre nom complet et votre adresse \u00e9lectronique pour vous envoyer du marketing direct, des bulletins d&rsquo;information, des actions et des promotions concernant nos produits et services. Vous pouvez facilement vous d\u00e9sinscrire \u00e0 tout moment.<\/li>\n<\/ul>\n<p>Bien que vous ne soyez jamais oblig\u00e9 de divulguer des donn\u00e9es personnelles, un refus de communiquer les informations n\u00e9cessaires peut entraver ou rendre impossible la fourniture de nos services.<\/p>\n<h4>3.\u00a0\u00a0\u00a0\u00a0 Finalit\u00e9s du traitement<\/h4>\n<p>Nous traitons les donn\u00e9es \u00e0 caract\u00e8re personnel dans le cadre de notre gestion g\u00e9n\u00e9rale des clients et des commandes, ou pour fournir nos services. Cela comprend l&rsquo;administration des clients, le suivi des commandes et des livraisons, la facturation, la r\u00e9ponse aux questions, et \u00e0 des fins de marketing.<\/p>\n<p>Le traitement est effectu\u00e9 sur la base des cat\u00e9gories suivantes de fondements juridiques:<\/p>\n<ul>\n<li>Sur la base de votre consentement;<\/li>\n<li>N\u00e9cessaire \u00e0 l&rsquo;ex\u00e9cution d&rsquo;un contrat ;<\/li>\n<li>Hors de la n\u00e9cessit\u00e9 de se conformer \u00e0 une obligation l\u00e9gale;<\/li>\n<li>Pour prot\u00e9ger vos int\u00e9r\u00eats vitaux ou ceux d&rsquo;une autre personne;<\/li>\n<li>Pour l&rsquo;ex\u00e9cution d&rsquo;une t\u00e2che d&rsquo;int\u00e9r\u00eat public;<\/li>\n<li>N\u00e9cessaire \u00e0 la r\u00e9alisation de nos int\u00e9r\u00eats l\u00e9gitimes \u00e0 entreprendre..<\/li>\n<\/ul>\n<p>Dans la mesure o\u00f9 le traitement des donn\u00e9es \u00e0 caract\u00e8re personnel s&rsquo;effectue sur la base de votre consentement explicite, vous avez toujours le droit de retirer le consentement que vous avez donn\u00e9.<\/p>\n<h4>4.\u00a0\u00a0\u00a0\u00a0 Partage avec des tiers<\/h4>\n<p>Si cela est n\u00e9cessaire \u00e0 la r\u00e9alisation des objectifs susmentionn\u00e9s, nous pouvons partager des donn\u00e9es \u00e0 caract\u00e8re personnel avec nos employ\u00e9s et nos partenaires professionnels. Nos partenaires prendront \u00e0 leur tour les mesures techniques et organisationnelles n\u00e9cessaires pour prot\u00e9ger ces donn\u00e9es personnelles.<\/p>\n<p>Nous ne commercialiserons jamais vos donn\u00e9es personnelles \u00e0 des tiers. Toutefois, dans le cadre d&rsquo;une r\u00e9organisation, d&rsquo;une faillite ou d&rsquo;un transfert d&rsquo;activit\u00e9s, les donn\u00e9es qui font partie de nos activit\u00e9s commerciales peuvent \u00eatre transf\u00e9r\u00e9es \u00e0 des tiers.<\/p>\n<p>Dans des cas limit\u00e9s, nous pouvons \u00e9galement \u00eatre tenus de partager des donn\u00e9es \u00e0 caract\u00e8re personnel sur la base d&rsquo;une d\u00e9cision de justice ou d&rsquo;une l\u00e9gislation contraignante, par exemple dans le cadre de la pr\u00e9vention de la fraude ou de pr\u00e9occupations en mati\u00e8re de s\u00e9curit\u00e9, ou pour prot\u00e9ger nos droits.<\/p>\n<h4>5.\u00a0\u00a0\u00a0\u00a0 P\u00e9riode de conservation<\/h4>\n<p>Nous traiterons et conserverons les donn\u00e9es \u00e0 caract\u00e8re personnel pendant une p\u00e9riode raisonnable n\u00e9cessaire \u00e0 la r\u00e9alisation des objectifs indiqu\u00e9s, en fonction de notre relation contractuelle, pour nous conformer aux exigences l\u00e9gales, ou dans le cadre de m\u00e9canismes de conservation habituels qui sont raisonnablement limit\u00e9s dans le temps (sauvegardes). (<em>back-ups<\/em>).<\/p>\n<h4>6.\u00a0\u00a0\u00a0\u00a0  Vos droits<\/h4>\n<p>Toute personne dont nous d\u00e9tenons les donn\u00e9es personnelles a le droit, \u00e0 tout moment, de :<\/p>\n<ul>\n<li>d&rsquo;acc\u00e9der \u00e0 leurs donn\u00e9es personnelles;<\/li>\n<li>de faire rectifier ou compl\u00e9ter leurs donn\u00e9es personnelles si elles sont inexactes ou incompl\u00e8tes;<\/li>\n<li>de faire effacer leurs donn\u00e9es \u00e0 caract\u00e8re personnel;<\/li>\n<li>d&rsquo;obtenir la limitation du traitement de leurs donn\u00e9es \u00e0 caract\u00e8re personnel;<\/li>\n<li>de s&rsquo;opposer au traitement de leurs donn\u00e9es \u00e0 caract\u00e8re personnel pour un motif s\u00e9rieux et l\u00e9gitime;<\/li>\n<li>faire transf\u00e9rer leurs donn\u00e9es \u00e0 caract\u00e8re personnel \u00e0 une autre entreprise.<\/li>\n<\/ul>\n<p>Pour exercer les droits susmentionn\u00e9s, veuillez nous contacter par courrier ou \u00e0 l&rsquo;adresse <a href=\"mailto:info@spmtechnologies.be\">info@spmtechnologies.be<\/a>. D\u00e8s r\u00e9ception de votre demande, nous devrons \u00eatre en mesure de v\u00e9rifier votre identit\u00e9.<\/p>\n<h4>7.\u00a0\u00a0\u00a0\u00a0 R\u00e9clamations<\/h4>\n<p>Si vous avez des commentaires ou des questions concernant notre politique de protection de la vie priv\u00e9e, n&rsquo;h\u00e9sitez pas \u00e0 nous en faire part.<\/p>\n<p>Toute personne dont nous d\u00e9tenons des donn\u00e9es \u00e0 caract\u00e8re personnel a \u00e9galement le droit d&rsquo;introduire une plainte aupr\u00e8s de la Commission de la protection de la vie priv\u00e9e (rue de la Presse 35, 1000 Bruxelles, <a href=\"mailto:commission@privacycommission.be\">commission@privacycommission.be<\/a>).<\/p>\n<h4>8.\u00a0\u00a0\u00a0\u00a0 S\u00e9curit\u00e9<\/h4>\n<p>Nous appliquons au moins les mesures de s\u00e9curit\u00e9 techniques et organisationnelles habituelles que l&rsquo;on peut raisonnablement attendre de nous pour prot\u00e9ger vos donn\u00e9es \u00e0 caract\u00e8re personnel contre la destruction, la perte, l&rsquo;alt\u00e9ration, la falsification, la diffusion ou l&rsquo;acc\u00e8s non autoris\u00e9.<\/p>\n<p>Les donn\u00e9es personnelles ne seront transf\u00e9r\u00e9es \u00e0 un partenaire situ\u00e9 dans un pays en dehors de l&rsquo;Espace \u00e9conomique europ\u00e9en que si ce pays garantit un niveau de protection ad\u00e9quat de vos donn\u00e9es personnelles. Avant de partager des donn\u00e9es personnelles avec un partenaire aux \u00c9tats-Unis d&rsquo;Am\u00e9rique, nous exigeons un accord de traitement s\u00e9par\u00e9 ou une certification conform\u00e9ment au cadre du Privacy Shield Framework (<a href=\"http:\/\/www.privacyshield.gov\">www.privacyshield.gov<\/a>).<\/p>\n<p>Nous ne pouvons \u00eatre tenus responsables de l&rsquo;utilisation incorrecte ou ill\u00e9gale de donn\u00e9es \u00e0 caract\u00e8re personnel par un tiers. En outre, vous restez seul responsable de la confidentialit\u00e9 et de l&rsquo;utilisation de votre ordinateur, de votre adresse IP, de vos donn\u00e9es de connexion et d&rsquo;identification.<\/p>\n<h4>9.\u00a0\u00a0\u00a0\u00a0 Votre vie priv\u00e9e<\/h4>\n<p>Votre vie priv\u00e9e est importante pour nous.<\/p>\n<p>Nous mettons donc tout en \u0153uvre pour la prot\u00e9ger autant que possible et attachons une grande importance au respect (i) de la loi du 8 d\u00e9cembre 1992 relative \u00e0 la protection de la vie priv\u00e9e \u00e0 l&rsquo;\u00e9gard des traitements de donn\u00e9es \u00e0 caract\u00e8re personnel (telle que modifi\u00e9e par la loi du 11 d\u00e9cembre 1998, \u00ab Loi sur le traitement des donn\u00e9es \u00e0 caract\u00e8re personnel \u201c) ; (ii) des dispositions anti-spam contenues dans le Livre XII du Code de droit \u00e9conomique relatif au droit de l&rsquo;\u00e9conomie \u00e9lectronique ; et (iii) du R\u00e8glement europ\u00e9en 2016\/679 du 27 avril 2016 relatif \u00e0 la protection des donn\u00e9es \u00e0 caract\u00e8re personnel (\u201d R\u00e8glement g\u00e9n\u00e9ral sur la protection des donn\u00e9es \u00bb).<\/p>\n\t\t\t\t\t\t<\/div>\n\t\t\t\t<\/div>\n\t\t\t\t<div class=\"elementor-element elementor-element-01cc5f9 elementor-widget elementor-widget-spacer\" data-id=\"01cc5f9\" data-element_type=\"widget\" data-widget_type=\"spacer.default\">\n\t\t\t\t<div class=\"elementor-widget-container\">\n\t\t\t\t\t<div class=\"elementor-spacer\">\n\t\t\t<div class=\"elementor-spacer-inner\"><\/div>\n\t\t<\/div>\n\t\t\t\t<\/div>\n\t\t\t\t<\/div>\n\t\t\t\t\t<\/div>\n\t\t<\/div>\n\t\t\t\t\t<\/div>\n\t\t<\/section>\n\t\t\t\t<\/div>\n\t\t","protected":false},"excerpt":{"rendered":"<p>Derni\u00e8re mise \u00e0 jour le 15\/10\/2021. 1.\u00a0\u00a0\u00a0\u00a0 Bienvenue sur le site Nous sommes SPM Technologies, une SA, situ\u00e9e \u00e0 Kallobaan 148, 9120 Beveren, avec le num\u00e9ro d&rsquo;entreprise BE0645987435. Dans cette politique de confidentialit\u00e9, nous expliquons quelles informations personnelles nous collectons en tant que \u2018responsable du traitement des donn\u00e9es \u2019 et comment nous les utilisons et [&hellip;]<\/p>\n","protected":false},"author":1,"featured_media":0,"parent":0,"menu_order":0,"comment_status":"closed","ping_status":"closed","template":"elementor_header_footer","meta":{"_acf_changed":false,"inline_featured_image":false,"_exactmetrics_skip_tracking":false,"_exactmetrics_sitenote_active":false,"_exactmetrics_sitenote_note":"","_exactmetrics_sitenote_category":0,"footnotes":""},"class_list":["post-1388","page","type-page","status-publish","hentry"],"acf":[],"yoast_head":"<!-- This site is optimized with the Yoast SEO plugin v27.0 - https:\/\/yoast.com\/product\/yoast-seo-wordpress\/ -->\n<title>Privacy policy - SPM Technologies<\/title>\n<meta name=\"robots\" content=\"index, follow, max-snippet:-1, max-image-preview:large, max-video-preview:-1\" \/>\n<link rel=\"canonical\" href=\"https:\/\/www.spmtechnologies.be\/fr\/privacy-policy\/\" \/>\n<meta property=\"og:locale\" content=\"fr_FR\" \/>\n<meta property=\"og:type\" content=\"article\" \/>\n<meta property=\"og:title\" content=\"Privacy policy - SPM Technologies\" \/>\n<meta property=\"og:description\" content=\"Derni\u00e8re mise \u00e0 jour le 15\/10\/2021. 1.\u00a0\u00a0\u00a0\u00a0 Bienvenue sur le site Nous sommes SPM Technologies, une SA, situ\u00e9e \u00e0 Kallobaan 148, 9120 Beveren, avec le num\u00e9ro d&rsquo;entreprise BE0645987435. Dans cette politique de confidentialit\u00e9, nous expliquons quelles informations personnelles nous collectons en tant que \u2018responsable du traitement des donn\u00e9es \u2019 et comment nous les utilisons et [&hellip;]\" \/>\n<meta property=\"og:url\" content=\"https:\/\/www.spmtechnologies.be\/fr\/privacy-policy\/\" \/>\n<meta property=\"og:site_name\" content=\"SPM Technologies\" \/>\n<meta property=\"article:modified_time\" content=\"2024-12-11T08:56:12+00:00\" \/>\n<meta name=\"twitter:card\" content=\"summary_large_image\" \/>\n<meta name=\"twitter:label1\" content=\"Dur\u00e9e de lecture estim\u00e9e\" \/>\n\t<meta name=\"twitter:data1\" content=\"4 minutes\" \/>\n<script type=\"application\/ld+json\" class=\"yoast-schema-graph\">{\"@context\":\"https:\/\/schema.org\",\"@graph\":[{\"@type\":\"WebPage\",\"@id\":\"https:\/\/www.spmtechnologies.be\/fr\/privacy-policy\/\",\"url\":\"https:\/\/www.spmtechnologies.be\/fr\/privacy-policy\/\",\"name\":\"Privacy policy - SPM Technologies\",\"isPartOf\":{\"@id\":\"https:\/\/www.spmtechnologies.be\/fr\/#website\"},\"datePublished\":\"2021-10-15T13:23:26+00:00\",\"dateModified\":\"2024-12-11T08:56:12+00:00\",\"breadcrumb\":{\"@id\":\"https:\/\/www.spmtechnologies.be\/fr\/privacy-policy\/#breadcrumb\"},\"inLanguage\":\"fr-FR\",\"potentialAction\":[{\"@type\":\"ReadAction\",\"target\":[\"https:\/\/www.spmtechnologies.be\/fr\/privacy-policy\/\"]}]},{\"@type\":\"BreadcrumbList\",\"@id\":\"https:\/\/www.spmtechnologies.be\/fr\/privacy-policy\/#breadcrumb\",\"itemListElement\":[{\"@type\":\"ListItem\",\"position\":1,\"name\":\"Home\",\"item\":\"https:\/\/www.spmtechnologies.be\/fr\/\"},{\"@type\":\"ListItem\",\"position\":2,\"name\":\"Privacy policy\"}]},{\"@type\":\"WebSite\",\"@id\":\"https:\/\/www.spmtechnologies.be\/fr\/#website\",\"url\":\"https:\/\/www.spmtechnologies.be\/fr\/\",\"name\":\"SPM Technologies\",\"description\":\"\",\"potentialAction\":[{\"@type\":\"SearchAction\",\"target\":{\"@type\":\"EntryPoint\",\"urlTemplate\":\"https:\/\/www.spmtechnologies.be\/fr\/?s={search_term_string}\"},\"query-input\":{\"@type\":\"PropertyValueSpecification\",\"valueRequired\":true,\"valueName\":\"search_term_string\"}}],\"inLanguage\":\"fr-FR\"}]}<\/script>\n<!-- \/ Yoast SEO plugin. -->","yoast_head_json":{"title":"Privacy policy - SPM Technologies","robots":{"index":"index","follow":"follow","max-snippet":"max-snippet:-1","max-image-preview":"max-image-preview:large","max-video-preview":"max-video-preview:-1"},"canonical":"https:\/\/www.spmtechnologies.be\/fr\/privacy-policy\/","og_locale":"fr_FR","og_type":"article","og_title":"Privacy policy - SPM Technologies","og_description":"Derni\u00e8re mise \u00e0 jour le 15\/10\/2021. 1.\u00a0\u00a0\u00a0\u00a0 Bienvenue sur le site Nous sommes SPM Technologies, une SA, situ\u00e9e \u00e0 Kallobaan 148, 9120 Beveren, avec le num\u00e9ro d&rsquo;entreprise BE0645987435. Dans cette politique de confidentialit\u00e9, nous expliquons quelles informations personnelles nous collectons en tant que \u2018responsable du traitement des donn\u00e9es \u2019 et comment nous les utilisons et [&hellip;]","og_url":"https:\/\/www.spmtechnologies.be\/fr\/privacy-policy\/","og_site_name":"SPM Technologies","article_modified_time":"2024-12-11T08:56:12+00:00","twitter_card":"summary_large_image","twitter_misc":{"Dur\u00e9e de lecture estim\u00e9e":"4 minutes"},"schema":{"@context":"https:\/\/schema.org","@graph":[{"@type":"WebPage","@id":"https:\/\/www.spmtechnologies.be\/fr\/privacy-policy\/","url":"https:\/\/www.spmtechnologies.be\/fr\/privacy-policy\/","name":"Privacy policy - SPM Technologies","isPartOf":{"@id":"https:\/\/www.spmtechnologies.be\/fr\/#website"},"datePublished":"2021-10-15T13:23:26+00:00","dateModified":"2024-12-11T08:56:12+00:00","breadcrumb":{"@id":"https:\/\/www.spmtechnologies.be\/fr\/privacy-policy\/#breadcrumb"},"inLanguage":"fr-FR","potentialAction":[{"@type":"ReadAction","target":["https:\/\/www.spmtechnologies.be\/fr\/privacy-policy\/"]}]},{"@type":"BreadcrumbList","@id":"https:\/\/www.spmtechnologies.be\/fr\/privacy-policy\/#breadcrumb","itemListElement":[{"@type":"ListItem","position":1,"name":"Home","item":"https:\/\/www.spmtechnologies.be\/fr\/"},{"@type":"ListItem","position":2,"name":"Privacy policy"}]},{"@type":"WebSite","@id":"https:\/\/www.spmtechnologies.be\/fr\/#website","url":"https:\/\/www.spmtechnologies.be\/fr\/","name":"SPM Technologies","description":"","potentialAction":[{"@type":"SearchAction","target":{"@type":"EntryPoint","urlTemplate":"https:\/\/www.spmtechnologies.be\/fr\/?s={search_term_string}"},"query-input":{"@type":"PropertyValueSpecification","valueRequired":true,"valueName":"search_term_string"}}],"inLanguage":"fr-FR"}]}},"_links":{"self":[{"href":"https:\/\/www.spmtechnologies.be\/fr\/wp-json\/wp\/v2\/pages\/1388","targetHints":{"allow":["GET"]}}],"collection":[{"href":"https:\/\/www.spmtechnologies.be\/fr\/wp-json\/wp\/v2\/pages"}],"about":[{"href":"https:\/\/www.spmtechnologies.be\/fr\/wp-json\/wp\/v2\/types\/page"}],"author":[{"embeddable":true,"href":"https:\/\/www.spmtechnologies.be\/fr\/wp-json\/wp\/v2\/users\/1"}],"replies":[{"embeddable":true,"href":"https:\/\/www.spmtechnologies.be\/fr\/wp-json\/wp\/v2\/comments?post=1388"}],"version-history":[{"count":2,"href":"https:\/\/www.spmtechnologies.be\/fr\/wp-json\/wp\/v2\/pages\/1388\/revisions"}],"predecessor-version":[{"id":1541,"href":"https:\/\/www.spmtechnologies.be\/fr\/wp-json\/wp\/v2\/pages\/1388\/revisions\/1541"}],"wp:attachment":[{"href":"https:\/\/www.spmtechnologies.be\/fr\/wp-json\/wp\/v2\/media?parent=1388"}],"curies":[{"name":"wp","href":"https:\/\/api.w.org\/{rel}","templated":true}]}}