{"id":1387,"date":"2021-10-15T15:37:15","date_gmt":"2021-10-15T13:37:15","guid":{"rendered":"https:\/\/spmtechnologies.be\/sitemap\/"},"modified":"2024-12-11T10:57:09","modified_gmt":"2024-12-11T08:57:09","slug":"sitemap","status":"publish","type":"page","link":"https:\/\/www.spmtechnologies.be\/fr\/sitemap\/","title":{"rendered":"Sitemap"},"content":{"rendered":"\t\t<div data-elementor-type=\"wp-page\" data-elementor-id=\"1387\" class=\"elementor elementor-1387 elementor-1194\" data-elementor-post-type=\"page\">\n\t\t\t\t\t\t<section class=\"elementor-section elementor-top-section elementor-element elementor-element-44d472e9 elementor-section-boxed elementor-section-height-default elementor-section-height-default\" data-id=\"44d472e9\" data-element_type=\"section\" data-settings=\"{&quot;jet_parallax_layout_list&quot;:[{&quot;jet_parallax_layout_image&quot;:{&quot;url&quot;:&quot;&quot;,&quot;id&quot;:&quot;&quot;,&quot;size&quot;:&quot;&quot;},&quot;_id&quot;:&quot;00edb25&quot;,&quot;jet_parallax_layout_speed&quot;:{&quot;unit&quot;:&quot;%&quot;,&quot;size&quot;:&quot;50&quot;,&quot;sizes&quot;:[]},&quot;jet_parallax_layout_bg_x&quot;:&quot;50&quot;,&quot;jet_parallax_layout_bg_y&quot;:&quot;50&quot;,&quot;jet_parallax_layout_image_tablet&quot;:{&quot;url&quot;:&quot;&quot;,&quot;id&quot;:&quot;&quot;,&quot;size&quot;:&quot;&quot;},&quot;jet_parallax_layout_image_mobile&quot;:{&quot;url&quot;:&quot;&quot;,&quot;id&quot;:&quot;&quot;,&quot;size&quot;:&quot;&quot;},&quot;jet_parallax_layout_type&quot;:&quot;scroll&quot;,&quot;jet_parallax_layout_direction&quot;:null,&quot;jet_parallax_layout_fx_direction&quot;:null,&quot;jet_parallax_layout_z_index&quot;:&quot;&quot;,&quot;jet_parallax_layout_bg_x_tablet&quot;:&quot;&quot;,&quot;jet_parallax_layout_bg_x_mobile&quot;:&quot;&quot;,&quot;jet_parallax_layout_bg_y_tablet&quot;:&quot;&quot;,&quot;jet_parallax_layout_bg_y_mobile&quot;:&quot;&quot;,&quot;jet_parallax_layout_bg_size&quot;:&quot;auto&quot;,&quot;jet_parallax_layout_bg_size_tablet&quot;:&quot;&quot;,&quot;jet_parallax_layout_bg_size_mobile&quot;:&quot;&quot;,&quot;jet_parallax_layout_animation_prop&quot;:&quot;transform&quot;,&quot;jet_parallax_layout_on&quot;:[&quot;desktop&quot;,&quot;tablet&quot;]}],&quot;background_background&quot;:&quot;classic&quot;}\">\n\t\t\t\t\t\t\t<div class=\"elementor-background-overlay\"><\/div>\n\t\t\t\t\t\t\t<div class=\"elementor-container elementor-column-gap-default\">\n\t\t\t\t\t<div class=\"elementor-column elementor-col-100 elementor-top-column elementor-element elementor-element-66b35378\" data-id=\"66b35378\" data-element_type=\"column\">\n\t\t\t<div class=\"elementor-widget-wrap elementor-element-populated\">\n\t\t\t\t\t\t\t<\/div>\n\t\t<\/div>\n\t\t\t\t\t<\/div>\n\t\t<\/section>\n\t\t\t\t<section class=\"elementor-section elementor-top-section elementor-element elementor-element-53cf3b7 elementor-section-boxed elementor-section-height-default elementor-section-height-default\" data-id=\"53cf3b7\" data-element_type=\"section\" data-settings=\"{&quot;jet_parallax_layout_list&quot;:[{&quot;jet_parallax_layout_image&quot;:{&quot;url&quot;:&quot;&quot;,&quot;id&quot;:&quot;&quot;,&quot;size&quot;:&quot;&quot;},&quot;_id&quot;:&quot;44ee8aa&quot;,&quot;jet_parallax_layout_image_tablet&quot;:{&quot;url&quot;:&quot;&quot;,&quot;id&quot;:&quot;&quot;,&quot;size&quot;:&quot;&quot;},&quot;jet_parallax_layout_image_mobile&quot;:{&quot;url&quot;:&quot;&quot;,&quot;id&quot;:&quot;&quot;,&quot;size&quot;:&quot;&quot;},&quot;jet_parallax_layout_speed&quot;:{&quot;unit&quot;:&quot;%&quot;,&quot;size&quot;:50,&quot;sizes&quot;:[]},&quot;jet_parallax_layout_type&quot;:&quot;scroll&quot;,&quot;jet_parallax_layout_direction&quot;:null,&quot;jet_parallax_layout_fx_direction&quot;:null,&quot;jet_parallax_layout_z_index&quot;:&quot;&quot;,&quot;jet_parallax_layout_bg_x&quot;:50,&quot;jet_parallax_layout_bg_x_tablet&quot;:&quot;&quot;,&quot;jet_parallax_layout_bg_x_mobile&quot;:&quot;&quot;,&quot;jet_parallax_layout_bg_y&quot;:50,&quot;jet_parallax_layout_bg_y_tablet&quot;:&quot;&quot;,&quot;jet_parallax_layout_bg_y_mobile&quot;:&quot;&quot;,&quot;jet_parallax_layout_bg_size&quot;:&quot;auto&quot;,&quot;jet_parallax_layout_bg_size_tablet&quot;:&quot;&quot;,&quot;jet_parallax_layout_bg_size_mobile&quot;:&quot;&quot;,&quot;jet_parallax_layout_animation_prop&quot;:&quot;transform&quot;,&quot;jet_parallax_layout_on&quot;:[&quot;desktop&quot;,&quot;tablet&quot;]}]}\">\n\t\t\t\t\t\t<div class=\"elementor-container elementor-column-gap-default\">\n\t\t\t\t\t<div class=\"elementor-column elementor-col-100 elementor-top-column elementor-element elementor-element-d61f2f8\" data-id=\"d61f2f8\" data-element_type=\"column\">\n\t\t\t<div class=\"elementor-widget-wrap elementor-element-populated\">\n\t\t\t\t\t\t<div class=\"elementor-element elementor-element-a4fb890 elementor-widget elementor-widget-spacer\" data-id=\"a4fb890\" data-element_type=\"widget\" data-widget_type=\"spacer.default\">\n\t\t\t\t<div class=\"elementor-widget-container\">\n\t\t\t<style>\/*! elementor - v3.20.0 - 13-03-2024 *\/\n.elementor-column .elementor-spacer-inner{height:var(--spacer-size)}.e-con{--container-widget-width:100%}.e-con-inner>.elementor-widget-spacer,.e-con>.elementor-widget-spacer{width:var(--container-widget-width,var(--spacer-size));--align-self:var(--container-widget-align-self,initial);--flex-shrink:0}.e-con-inner>.elementor-widget-spacer>.elementor-widget-container,.e-con>.elementor-widget-spacer>.elementor-widget-container{height:100%;width:100%}.e-con-inner>.elementor-widget-spacer>.elementor-widget-container>.elementor-spacer,.e-con>.elementor-widget-spacer>.elementor-widget-container>.elementor-spacer{height:100%}.e-con-inner>.elementor-widget-spacer>.elementor-widget-container>.elementor-spacer>.elementor-spacer-inner,.e-con>.elementor-widget-spacer>.elementor-widget-container>.elementor-spacer>.elementor-spacer-inner{height:var(--container-widget-height,var(--spacer-size))}.e-con-inner>.elementor-widget-spacer.elementor-widget-empty,.e-con>.elementor-widget-spacer.elementor-widget-empty{position:relative;min-height:22px;min-width:22px}.e-con-inner>.elementor-widget-spacer.elementor-widget-empty .elementor-widget-empty-icon,.e-con>.elementor-widget-spacer.elementor-widget-empty .elementor-widget-empty-icon{position:absolute;top:0;bottom:0;left:0;right:0;margin:auto;padding:0;width:22px;height:22px}<\/style>\t\t<div class=\"elementor-spacer\">\n\t\t\t<div class=\"elementor-spacer-inner\"><\/div>\n\t\t<\/div>\n\t\t\t\t<\/div>\n\t\t\t\t<\/div>\n\t\t\t\t<div class=\"elementor-element elementor-element-57c4a0a elementor-widget elementor-widget-sitemap\" data-id=\"57c4a0a\" data-element_type=\"widget\" data-widget_type=\"sitemap.default\">\n\t\t\t\t<div class=\"elementor-widget-container\">\n\t\t\t<link rel=\"stylesheet\" href=\"https:\/\/www.spmtechnologies.be\/wp-content\/plugins\/elementor-pro\/assets\/css\/widget-theme-elements.min.css\"><div class=\"elementor-sitemap-wrap\"><div class=\"elementor-sitemap-section\"><h2 class=\"elementor-sitemap-title elementor-sitemap-page-title\">Pagina's<\/h2><ul class=\"elementor-sitemap-list elementor-sitemap-page-list\"><li class=\"elementor-sitemap-item elementor-sitemap-item-page page_item page-item-1558\"><a href=\"https:\/\/www.spmtechnologies.be\/fr\/faq\/\">FAQ<\/a><\/li><li class=\"elementor-sitemap-item elementor-sitemap-item-page page_item page-item-1390\"><a href=\"https:\/\/www.spmtechnologies.be\/fr\/services-produits\/releve-des-compteurs\/\">Relev\u00e9 de compteur<\/a><\/li><li class=\"elementor-sitemap-item elementor-sitemap-item-page page_item page-item-1402\"><a href=\"https:\/\/www.spmtechnologies.be\/fr\/services-produits\/repartiteur-des-frais-de-chauffage\/\">R\u00e9partiteur de co\u00fbts de chauffage<\/a><\/li><li class=\"elementor-sitemap-item elementor-sitemap-item-page page_item page-item-1413\"><a href=\"https:\/\/www.spmtechnologies.be\/fr\/services-produits\/repartition-des-frais\/\">Partage des frais<\/a><\/li><li class=\"elementor-sitemap-item elementor-sitemap-item-page page_item page-item-1414\"><a href=\"https:\/\/www.spmtechnologies.be\/fr\/services-produits\/compteurs-energie\/\">Warmtemeters<\/a><\/li><li class=\"elementor-sitemap-item elementor-sitemap-item-page page_item page-item-1438\"><a href=\"https:\/\/www.spmtechnologies.be\/fr\/services-produits\/telereleve\/\">T\u00e9l\u00e9rel\u00e8ve<\/a><\/li><li class=\"elementor-sitemap-item elementor-sitemap-item-page page_item page-item-1439\"><a href=\"https:\/\/www.spmtechnologies.be\/fr\/services-produits\/compteurs-gaz\/\">Compteurs de gaz<\/a><\/li><li class=\"elementor-sitemap-item elementor-sitemap-item-page page_item page-item-1440\"><a href=\"https:\/\/www.spmtechnologies.be\/fr\/services-produits\/compteurs-electricite\/\">Compteurs d&rsquo;\u00e9lectricit\u00e9<\/a><\/li><li class=\"elementor-sitemap-item elementor-sitemap-item-page page_item page-item-1441\"><a href=\"https:\/\/www.spmtechnologies.be\/fr\/services-produits\/compteurs-eau\/\">Compteurs d&rsquo;eau<\/a><\/li><li class=\"elementor-sitemap-item elementor-sitemap-item-page page_item page-item-1449\"><a href=\"https:\/\/www.spmtechnologies.be\/fr\/\">Home<\/a><\/li><li class=\"elementor-sitemap-item elementor-sitemap-item-page page_item page-item-1455\"><a href=\"https:\/\/www.spmtechnologies.be\/fr\/a-propos-de-nous\/\">A propos de nous<\/a><\/li><li class=\"elementor-sitemap-item elementor-sitemap-item-page page_item page-item-1456\"><a href=\"https:\/\/www.spmtechnologies.be\/fr\/services-produits\/\">Services et produits<\/a><\/li><li class=\"elementor-sitemap-item elementor-sitemap-item-page page_item page-item-1457\"><a href=\"https:\/\/www.spmtechnologies.be\/fr\/contact\/\">Contact<\/a><\/li><\/ul><\/div><\/div>\t\t<\/div>\n\t\t\t\t<\/div>\n\t\t\t\t<div class=\"elementor-element elementor-element-01cc5f9 elementor-widget elementor-widget-spacer\" data-id=\"01cc5f9\" data-element_type=\"widget\" data-widget_type=\"spacer.default\">\n\t\t\t\t<div class=\"elementor-widget-container\">\n\t\t\t\t\t<div class=\"elementor-spacer\">\n\t\t\t<div class=\"elementor-spacer-inner\"><\/div>\n\t\t<\/div>\n\t\t\t\t<\/div>\n\t\t\t\t<\/div>\n\t\t\t\t\t<\/div>\n\t\t<\/div>\n\t\t\t\t\t<\/div>\n\t\t<\/section>\n\t\t\t\t<\/div>\n\t\t","protected":false},"excerpt":{"rendered":"","protected":false},"author":1,"featured_media":0,"parent":0,"menu_order":0,"comment_status":"closed","ping_status":"closed","template":"elementor_header_footer","meta":{"_acf_changed":false,"inline_featured_image":false,"_exactmetrics_skip_tracking":false,"_exactmetrics_sitenote_active":false,"_exactmetrics_sitenote_note":"","_exactmetrics_sitenote_category":0,"footnotes":""},"class_list":["post-1387","page","type-page","status-publish","hentry"],"acf":[],"yoast_head":"<!-- This site is optimized with the Yoast SEO plugin v27.0 - https:\/\/yoast.com\/product\/yoast-seo-wordpress\/ -->\n<title>Sitemap - SPM Technologies<\/title>\n<meta name=\"robots\" content=\"index, follow, max-snippet:-1, max-image-preview:large, max-video-preview:-1\" \/>\n<link rel=\"canonical\" href=\"https:\/\/www.spmtechnologies.be\/fr\/sitemap\/\" \/>\n<meta property=\"og:locale\" content=\"fr_FR\" \/>\n<meta property=\"og:type\" content=\"article\" \/>\n<meta property=\"og:title\" content=\"Sitemap - SPM Technologies\" \/>\n<meta property=\"og:url\" content=\"https:\/\/www.spmtechnologies.be\/fr\/sitemap\/\" \/>\n<meta property=\"og:site_name\" content=\"SPM Technologies\" \/>\n<meta property=\"article:modified_time\" content=\"2024-12-11T08:57:09+00:00\" \/>\n<meta name=\"twitter:card\" content=\"summary_large_image\" \/>\n<meta name=\"twitter:label1\" content=\"Dur\u00e9e de lecture estim\u00e9e\" \/>\n\t<meta name=\"twitter:data1\" content=\"1 minute\" \/>\n<script type=\"application\/ld+json\" class=\"yoast-schema-graph\">{\"@context\":\"https:\/\/schema.org\",\"@graph\":[{\"@type\":\"WebPage\",\"@id\":\"https:\/\/www.spmtechnologies.be\/fr\/sitemap\/\",\"url\":\"https:\/\/www.spmtechnologies.be\/fr\/sitemap\/\",\"name\":\"Sitemap - SPM Technologies\",\"isPartOf\":{\"@id\":\"https:\/\/www.spmtechnologies.be\/fr\/#website\"},\"datePublished\":\"2021-10-15T13:37:15+00:00\",\"dateModified\":\"2024-12-11T08:57:09+00:00\",\"breadcrumb\":{\"@id\":\"https:\/\/www.spmtechnologies.be\/fr\/sitemap\/#breadcrumb\"},\"inLanguage\":\"fr-FR\",\"potentialAction\":[{\"@type\":\"ReadAction\",\"target\":[\"https:\/\/www.spmtechnologies.be\/fr\/sitemap\/\"]}]},{\"@type\":\"BreadcrumbList\",\"@id\":\"https:\/\/www.spmtechnologies.be\/fr\/sitemap\/#breadcrumb\",\"itemListElement\":[{\"@type\":\"ListItem\",\"position\":1,\"name\":\"Home\",\"item\":\"https:\/\/www.spmtechnologies.be\/fr\/\"},{\"@type\":\"ListItem\",\"position\":2,\"name\":\"Sitemap\"}]},{\"@type\":\"WebSite\",\"@id\":\"https:\/\/www.spmtechnologies.be\/fr\/#website\",\"url\":\"https:\/\/www.spmtechnologies.be\/fr\/\",\"name\":\"SPM Technologies\",\"description\":\"\",\"potentialAction\":[{\"@type\":\"SearchAction\",\"target\":{\"@type\":\"EntryPoint\",\"urlTemplate\":\"https:\/\/www.spmtechnologies.be\/fr\/?s={search_term_string}\"},\"query-input\":{\"@type\":\"PropertyValueSpecification\",\"valueRequired\":true,\"valueName\":\"search_term_string\"}}],\"inLanguage\":\"fr-FR\"}]}<\/script>\n<!-- \/ Yoast SEO plugin. -->","yoast_head_json":{"title":"Sitemap - SPM Technologies","robots":{"index":"index","follow":"follow","max-snippet":"max-snippet:-1","max-image-preview":"max-image-preview:large","max-video-preview":"max-video-preview:-1"},"canonical":"https:\/\/www.spmtechnologies.be\/fr\/sitemap\/","og_locale":"fr_FR","og_type":"article","og_title":"Sitemap - SPM Technologies","og_url":"https:\/\/www.spmtechnologies.be\/fr\/sitemap\/","og_site_name":"SPM Technologies","article_modified_time":"2024-12-11T08:57:09+00:00","twitter_card":"summary_large_image","twitter_misc":{"Dur\u00e9e de lecture estim\u00e9e":"1 minute"},"schema":{"@context":"https:\/\/schema.org","@graph":[{"@type":"WebPage","@id":"https:\/\/www.spmtechnologies.be\/fr\/sitemap\/","url":"https:\/\/www.spmtechnologies.be\/fr\/sitemap\/","name":"Sitemap - SPM Technologies","isPartOf":{"@id":"https:\/\/www.spmtechnologies.be\/fr\/#website"},"datePublished":"2021-10-15T13:37:15+00:00","dateModified":"2024-12-11T08:57:09+00:00","breadcrumb":{"@id":"https:\/\/www.spmtechnologies.be\/fr\/sitemap\/#breadcrumb"},"inLanguage":"fr-FR","potentialAction":[{"@type":"ReadAction","target":["https:\/\/www.spmtechnologies.be\/fr\/sitemap\/"]}]},{"@type":"BreadcrumbList","@id":"https:\/\/www.spmtechnologies.be\/fr\/sitemap\/#breadcrumb","itemListElement":[{"@type":"ListItem","position":1,"name":"Home","item":"https:\/\/www.spmtechnologies.be\/fr\/"},{"@type":"ListItem","position":2,"name":"Sitemap"}]},{"@type":"WebSite","@id":"https:\/\/www.spmtechnologies.be\/fr\/#website","url":"https:\/\/www.spmtechnologies.be\/fr\/","name":"SPM Technologies","description":"","potentialAction":[{"@type":"SearchAction","target":{"@type":"EntryPoint","urlTemplate":"https:\/\/www.spmtechnologies.be\/fr\/?s={search_term_string}"},"query-input":{"@type":"PropertyValueSpecification","valueRequired":true,"valueName":"search_term_string"}}],"inLanguage":"fr-FR"}]}},"_links":{"self":[{"href":"https:\/\/www.spmtechnologies.be\/fr\/wp-json\/wp\/v2\/pages\/1387","targetHints":{"allow":["GET"]}}],"collection":[{"href":"https:\/\/www.spmtechnologies.be\/fr\/wp-json\/wp\/v2\/pages"}],"about":[{"href":"https:\/\/www.spmtechnologies.be\/fr\/wp-json\/wp\/v2\/types\/page"}],"author":[{"embeddable":true,"href":"https:\/\/www.spmtechnologies.be\/fr\/wp-json\/wp\/v2\/users\/1"}],"replies":[{"embeddable":true,"href":"https:\/\/www.spmtechnologies.be\/fr\/wp-json\/wp\/v2\/comments?post=1387"}],"version-history":[{"count":1,"href":"https:\/\/www.spmtechnologies.be\/fr\/wp-json\/wp\/v2\/pages\/1387\/revisions"}],"predecessor-version":[{"id":1547,"href":"https:\/\/www.spmtechnologies.be\/fr\/wp-json\/wp\/v2\/pages\/1387\/revisions\/1547"}],"wp:attachment":[{"href":"https:\/\/www.spmtechnologies.be\/fr\/wp-json\/wp\/v2\/media?parent=1387"}],"curies":[{"name":"wp","href":"https:\/\/api.w.org\/{rel}","templated":true}]}}